{"id":61,"date":"2016-10-27T14:02:25","date_gmt":"2016-10-27T14:02:25","guid":{"rendered":"https:\/\/proarbo.nl\/?page_id=61"},"modified":"2016-11-04T09:27:45","modified_gmt":"2016-11-04T09:27:45","slug":"hoe-werkt-het","status":"publish","type":"page","link":"https:\/\/proarbo.nl\/?page_id=61","title":{"rendered":"Hoe werkt het?"},"content":{"rendered":"<div class=\"kaderTekst\">\n<h3>Arbeids- en teamconflicten<\/h3>\n<\/div>\n<div class=\"kaderTekst\">\nVerstoorde arbeidsrelaties komen overal voor. Of dat nu gaat om kwesties tussen werkgever en werknemer, leidinggevende en medewerker, collega\u2019s onderling of in een team. Allerlei oorzaken kunnen maken dat mensen tegenover elkaar staan. Dat kan gaan over het functioneren, re-integratie, organisatiewijziging, houding en gedrag, botsende ego\u2019s etc. Vast staat dat een conflict  samenwerking in de weg staat. Het proces van mediation kan maken dat de kwestie wordt opgelost.\n<\/div>\n<p><\/p>\n<div class=\"kaderTekst\">\n<h3>Wat is mediation \u201csamen op zoek\u201d<\/h3>\n<\/div>\n<div class=\"kaderTekst\">\nEen drietal belangrijke onderwerpen beheersen de inhoud en het succes van een mediation. <\/p>\n<ul>\n<li>De wil om tot een oplossing te komen.<\/li>\n<li>De inspanning om uit de kwestie te geraken.<\/li>\n<li>Vertrouwelijkheid van het proces. <\/li>\n<\/ul>\n<p><\/p>\n<p>Wanneer partijen de wil bezitten om tot een oplossing te komen en wanneer ze vertrouwen hebben in het proces van mediation en de mediator dan is daarmee de kans om uit de kwestie te komen aanwezig. Een ander belangrijk onderwerp is de vertrouwelijkheid. Rond de deelnemers aan een mediation komt als het ware een kring van vertrouwelijkheid. Dat betekent dat niets buiten de kring kan worden gebracht zonder instemming van de deelnemende partijen. Over het doorbreken van de kring van vertrouwelijkheid kunnen partijen afspraken maken. Kortom: de belangrijkste onderwerpen van een mediation zijn de wil om deel te nemen aan de mediation, de wil om een inspanning te leveren om uit de kwestie te komen en de vertrouwelijkheid.\n<\/p><\/div>\n<p><\/p>\n<div class=\"kaderTekst\">\n<h3>Het proces van mediation \u201choe werkt de mediation\u201d<\/h3>\n<\/div>\n<div class=\"kaderTekst\">\nEen mediationproces verloopt via een structuur die door de mediator wordt bewaakt. De mediation begint met de ondertekening van een mediationovereenkomst. Dat gebeurt nadat partijen de kwestie hebben benoemd en deze is beschreven in de mediationovereenkomst. Een mediation eindigt nadat de vaststellingsovereenkomst is ondertekend door partijen die aan de mediation hebben deelgenomen. In de vaststellingsovereenkomst staan de afspraken die partijen in de mediation met elkaar hebben gemaakt. Wanneer de partijen niet tot overeenstemming komen dan wordt de mediation be\u00ebindigd door een be\u00ebindigingsbrief. Deze be\u00ebindigingsbrief stelt de mediator op. De inhoud van de brief omvat slechts informatie over het proces en is daardoor neutraal van inhoud.\n<\/div>\n<p><\/p>\n<div class=\"kaderTekst\">\n<h3>Rol van de mediator<\/h3>\n<\/div>\n<div class=\"kaderTekst\">\nDe mediator begeleidt het proces waarin partijen samen het conflict tot een goede oplossing trachten te brengen. De mediator heeft vooraf geen of nauwelijks informatie over de kwestie.  De mediator heeft daardoor geen voorkennis en geen vooroordeel. De mediator gaat met partijen in gesprek en helpt de vastgelopen communicatie tussen partijen weer op gang om te komen tot de kern van de kwestie. De mediator fungeert als gesprekleider en doet dat door:<\/p>\n<ul>\n<li>de regie in het gesprek te voeren, waardoor er in de eerste plaats voor ieder gelijke ruimte bestaat om zijn of haar verhaal te doen. <\/li>\n<li>te verhelderen van datgene wat tot dan toe onderbelicht is gebleven in de situatie.<\/li>\n<li>partijen inzicht te geven in de eigen rol.<\/li>\n<li>inzichtelijk te maken op welke wijze betrokkenen met elkaar communiceren.<\/li>\n<li>helder te krijgen wat men graag opgelost wil zien en hoe voor alle betrokkenen een acceptabele oplossing er uit kan zien.<\/li>\n<\/ul>\n<p><\/p>\n<p>De mediator heeft geen belang bij de oplossing die partijen uiteindelijk zullen vinden. De mediator is neutraal en onafhankelijk ten opzichte van partijen.\n<\/p><\/div>\n<p><\/p>\n<div class=\"kaderTekst\">\n<h3>Proarbo werkt met MfN geregistreerde mediators <\/h3>\n<\/div>\n<div class=\"kaderTekst\">\nMfN staat voor Mediator federatie Nederland. Het MfN beheert een landelijk Register van Mediators. In dat register worden uitsluitend gekwalificeerde mediators opgenomen. Deze mediators hebben bij een door het MfN erkend opleidingsinstituut de opleiding van mediator met succes gevolgd. MfN-mediators werken volgens de MfN-gedragsregels. Mediators vallen onder het tuchtrecht van de MfN (zie <a href=\"www.mfnregister.nl\">www.mfnregister.nl<\/a>)\n<\/div>\n<p><\/p>\n","protected":false},"excerpt":{"rendered":"<p>Arbeids- en teamconflicten Verstoorde arbeidsrelaties komen overal voor. Of dat nu gaat om kwesties tussen werkgever en werknemer, leidinggevende en medewerker, collega\u2019s onderling of in een team. Allerlei oorzaken kunnen maken dat mensen tegenover elkaar staan. Dat kan gaan over het functioneren, re-integratie, organisatiewijziging, houding en gedrag, botsende ego\u2019s etc. Vast staat dat een conflict [&hellip;]<\/p>\n","protected":false},"author":1,"featured_media":0,"parent":0,"menu_order":0,"comment_status":"closed","ping_status":"closed","template":"","meta":{"footnotes":""},"class_list":["post-61","page","type-page","status-publish","hentry"],"_links":{"self":[{"href":"https:\/\/proarbo.nl\/index.php?rest_route=\/wp\/v2\/pages\/61","targetHints":{"allow":["GET"]}}],"collection":[{"href":"https:\/\/proarbo.nl\/index.php?rest_route=\/wp\/v2\/pages"}],"about":[{"href":"https:\/\/proarbo.nl\/index.php?rest_route=\/wp\/v2\/types\/page"}],"author":[{"embeddable":true,"href":"https:\/\/proarbo.nl\/index.php?rest_route=\/wp\/v2\/users\/1"}],"replies":[{"embeddable":true,"href":"https:\/\/proarbo.nl\/index.php?rest_route=%2Fwp%2Fv2%2Fcomments&post=61"}],"version-history":[{"count":4,"href":"https:\/\/proarbo.nl\/index.php?rest_route=\/wp\/v2\/pages\/61\/revisions"}],"predecessor-version":[{"id":96,"href":"https:\/\/proarbo.nl\/index.php?rest_route=\/wp\/v2\/pages\/61\/revisions\/96"}],"wp:attachment":[{"href":"https:\/\/proarbo.nl\/index.php?rest_route=%2Fwp%2Fv2%2Fmedia&parent=61"}],"curies":[{"name":"wp","href":"https:\/\/api.w.org\/{rel}","templated":true}]}}